{"id":567,"date":"2019-02-14T02:37:15","date_gmt":"2019-02-14T02:37:15","guid":{"rendered":"http:\/\/bouwer.jwsthemeswp.com\/?page_id=567"},"modified":"2023-01-27T16:05:53","modified_gmt":"2023-01-27T16:05:53","slug":"startseite","status":"publish","type":"page","link":"https:\/\/stsmedia.it-habicht.com\/","title":{"rendered":"Startseite"},"content":{"rendered":"<p>[vc_row][vc_column][rev_slider alias=&#8221;revo_2&#8243;][\/vc_column][\/vc_row][vc_row full_width=&#8221;stretch_row&#8221; css=&#8221;.vc_custom_1674834906093{padding-top: 60px !important;padding-bottom: 60px !important;background-color: #1873ba !important;background-position: 0 0 !important;background-repeat: repeat !important;}&#8221;][vc_column offset=&#8221;vc_hidden-sm vc_hidden-xs&#8221; css=&#8221;.vc_custom_1674834949693{background-position: 0 0 !important;background-repeat: repeat !important;}&#8221;][vc_custom_heading text=&#8221;Ingenieurb\u00fcro f\u00fcr Bautechnik im Gro\u00dfraum Ulm&#8221; font_container=&#8221;tag:h2|text_align:center|color:%23ffffff&#8221; google_fonts=&#8221;font_family:Poppins%3Aregular|font_style:800%20bold%20regular%3A800%3Anormal&#8221; css=&#8221;.vc_custom_1674834916281{margin-top: 0px !important;margin-bottom: 0px !important;}&#8221;][\/vc_column][\/vc_row][vc_row css=&#8221;.vc_custom_1578506884943{padding-top: 100px !important;padding-bottom: 100px !important;background-color: #f1f2f8 !important;background-position: center !important;background-repeat: no-repeat !important;background-size: cover !important;}&#8221; el_id=&#8221;ueber&#8221;][vc_column width=&#8221;1\/2&#8243; css=&#8221;.vc_custom_1578506891972{padding-right: 5% !important;}&#8221;][vc_custom_heading text=&#8221;\u00dcber uns&#8221; font_container=&#8221;tag:h2|font_size:42|text_align:left|color:%23333333&#8243; google_fonts=&#8221;font_family:Open%20Sans%3A300%2C300italic%2Cregular%2Citalic%2C600%2C600italic%2C700%2C700italic%2C800%2C800italic|font_style:700%20bold%20regular%3A700%3Anormal&#8221; css=&#8221;.vc_custom_1572473150200{margin-bottom: 27px !important;}&#8221;][vc_column_text css=&#8221;.vc_custom_1578505678079{margin-bottom: 28px !important;}&#8221;]Das Ingenieurb\u00fcro Rusp &amp; Cerma bietet Ihnen alles rund um das Thema Bautechnik in Ulm. Durch unser vielf\u00e4ltiges Angebot im Bereich Bautechnnik erhalten Sie die Gesamtleistung von der Planung bis\u00a0 hin zur Umsetzung Ihrer Projekte aus einer Hand.<br \/>\nSeit 2011 vertrauen Sie auf unser erfahrenes und geschultes Team im Bereich: Schallschutz und Bauakustik, Projektsteuerung, SiGe-Koordination, Tragwerksplanung, Ingenieurbauwerke und Verkehrsanlagen.<br \/>\nWir arbeiten sowohl f\u00fcr private als auch \u00f6ffentliche Auftraggeber.[\/vc_column_text][\/vc_column][vc_column width=&#8221;1\/2&#8243; css=&#8221;.vc_custom_1550133026993{padding-top: 11px !important;}&#8221;][vc_custom_heading text=&#8221;Was uns auszeichnet:&#8221; font_container=&#8221;tag:h4|font_size:22|text_align:left|color:%23333333&#8243; google_fonts=&#8221;font_family:Open%20Sans%3A300%2C300italic%2Cregular%2Citalic%2C600%2C600italic%2C700%2C700italic%2C800%2C800italic|font_style:700%20bold%20regular%3A700%3Anormal&#8221; css=&#8221;.vc_custom_1578506777183{margin-top: 30px !important;margin-bottom: 25px !important;}&#8221;][vc_column_text css=&#8221;.vc_custom_1578506829537{margin-bottom: 0px !important;}&#8221;]<\/p>\n<ul class=\"list_check\">\n<li><i class=\"flaticon-checked\"><\/i>Mehrfach geschultes Team<\/li>\n<li><i class=\"flaticon-checked\"><\/i>\u00dcber 10 Jahre Erfahrung im Bereich Bautechnik<\/li>\n<li><i class=\"flaticon-checked\"><\/i>F\u00fcr private als auch \u00f6ffentliche Auftraggeber<\/li>\n<li><i class=\"flaticon-checked\"><\/i>Qualit\u00e4t, Leistung und Wirtschaftlichkeit<\/li>\n<li><i class=\"flaticon-checked\"><\/i>\u00dcber 100 Modernisierungen &amp; Umbauten<\/li>\n<li><i class=\"flaticon-checked\"><\/i>Gesamt \u00fcber 300 abgeschlossene Projekte<\/li>\n<\/ul>\n<p>[\/vc_column_text][\/vc_column][\/vc_row][vc_row css=&#8221;.vc_custom_1572477540910{padding-top: 119px !important;padding-bottom: 0px !important;}&#8221; el_id=&#8221;referenzen&#8221;][vc_column][vc_custom_heading text=&#8221;REFERENZEN&#8221; font_container=&#8221;tag:h2|font_size:45|text_align:center|color:%23333333|line_height:45px&#8221; google_fonts=&#8221;font_family:Open%20Sans%3A300%2C300italic%2Cregular%2Citalic%2C600%2C600italic%2C700%2C700italic%2C800%2C800italic|font_style:700%20bold%20regular%3A700%3Anormal&#8221; css=&#8221;.vc_custom_1572477514271{margin-bottom: 5px !important;}&#8221;][vc_custom_heading text=&#8221;Hier finden Sie einen kleinen Auszug aus unseren Referenzen.&#8221; font_container=&#8221;tag:p|text_align:center|color:%23003e64&#8243; google_fonts=&#8221;font_family:Open%20Sans%3A300%2C300italic%2Cregular%2Citalic%2C600%2C600italic%2C700%2C700italic%2C800%2C800italic|font_style:600%20bold%20regular%3A600%3Anormal&#8221; css=&#8221;.vc_custom_1572478407113{margin-bottom: 25px !important;}&#8221;][projects_filter columns=&#8221;2&#8243; orderby=&#8221;&#8221; order=&#8221;&#8221; post_type=&#8221;ids&#8221; img_size=&#8221;750&#215;750&#8243; img_size2=&#8221;750&#215;750&#8243; show_pagination=&#8221;true&#8221; layout=&#8221;layout2&#8243; posts_per_page=&#8221;2&#8243;][\/vc_column][\/vc_row][vc_section css=&#8221;.vc_custom_1572477800883{padding-top: 10px !important;padding-bottom: 10px !important;background-color: #f1f2f8 !important;}&#8221; el_id=&#8221;Leistungen&#8221;][vc_row css=&#8221;.vc_custom_1572478427376{padding-top: 5px !important;padding-bottom: 5px !important;}&#8221;][vc_column width=&#8221;1\/4&#8243;][vc_custom_heading text=&#8221;LEISTUNGEN&#8221; font_container=&#8221;tag:h2|font_size:45|text_align:center|color:%23333333|line_height:45px&#8221; google_fonts=&#8221;font_family:Open%20Sans%3A300%2C300italic%2Cregular%2Citalic%2C600%2C600italic%2C700%2C700italic%2C800%2C800italic|font_style:700%20bold%20regular%3A700%3Anormal&#8221; css=&#8221;.vc_custom_1572473133168{margin-bottom: 25px !important;}&#8221; el_id=&#8221;leistungen&#8221;][\/vc_column][vc_column width=&#8221;3\/4&#8243;][vc_custom_heading text=&#8221;Wir bieten Ihnen folgende Leistungen im Bereich Bautechnik&#8221; font_container=&#8221;tag:p|text_align:right|color:%23003e64&#8243; google_fonts=&#8221;font_family:Open%20Sans%3A300%2C300italic%2Cregular%2Citalic%2C600%2C600italic%2C700%2C700italic%2C800%2C800italic|font_style:600%20bold%20regular%3A600%3Anormal&#8221; css=&#8221;.vc_custom_1578505342888{margin-top: 25px !important;}&#8221;][\/vc_column][\/vc_row][vc_row][vc_column width=&#8221;2\/3&#8243;][vc_raw_html]JTNDZGl2JTIwY2xhc3MlM0QlMjJpY29uYm94JTIwJTIyJTNFJTNDZGl2JTIwY2xhc3MlM0QlMjJib3gtaGVhZGVyJTIyJTNFJTBBJTNDZGl2JTIwY2xhc3MlM0QlMjJib3gtaWNvbiUyMiUzRSUzQ2klMjBjbGFzcyUzRCUyMmZhJTIwZmEtY3ViZSUyMiUzRSUzQyUyRmklM0UlM0MlMkZkaXYlM0UlMEElM0NoNCUyMGNsYXNzJTNEJTIyYm94LXRpdGxlJTIyJTNFQmF1JUMzJUJDYmVyd2FjaHVuZyUzQyUyRmg0JTNFJTBBJTNDJTJGZGl2JTNFJTNDZGl2JTIwY2xhc3MlM0QlMjJib3gtY29udGVudCUyMiUzRSUwQSUzQ3AlM0VVbnNlciUyMEluZ2VuaWV1cmIlQzMlQkNybyUyMCVDMyVCQ2Jlcm5pbW10JTIwZGllJTIwa29tcGxldHRlJTIwQmF1JUMzJUJDYmVyd2FjaHVuZyUyMGYlQzMlQkNyJTIwSWhyJTIwUHJvamVrdC4lMjBXaXIlMjBzdGVsbGVuJTIwc2ljaGVyJTJDJTIwZGFzcyUyMGRpZSUyMEJhdXZvcmxhZ2VuJTIwZWluZ2VoYWx0ZW4lMjB3ZXJkZW4lMjBzb3dpZSUyMGRpZSUyMEVpbmhhbHR1bmclMjBkZXIlMjBWb3JzY2hyaWZ0ZW4lMjB6dW0lMjBVbmZhbGxzY2h1dHouJTNDJTJGcCUzRSUwQSUzQyUyRmRpdiUzRSUzQyUyRmRpdiUzRQ==[\/vc_raw_html][\/vc_column][vc_column width=&#8221;1\/3&#8243;][vc_raw_html]JTNDZGl2JTIwY2xhc3MlM0QlMjJpY29uYm94JTIwJTIyJTNFJTNDZGl2JTIwY2xhc3MlM0QlMjJib3gtaGVhZGVyJTIyJTNFJTBBJTNDZGl2JTIwY2xhc3MlM0QlMjJib3gtaWNvbiUyMiUzRSUzQ2klMjBjbGFzcyUzRCUyMmZhJTIwZmEtY3ViZSUyMiUzRSUzQyUyRmklM0UlM0MlMkZkaXYlM0UlMEElM0NoNCUyMGNsYXNzJTNEJTIyYm94LXRpdGxlJTIyJTNFU2lHZS1Lb29yZGluYXRpb24lM0MlMkZoNCUzRSUwQSUzQyUyRmRpdiUzRSUzQ2RpdiUyMGNsYXNzJTNEJTIyYm94LWNvbnRlbnQlMjIlM0UlMEElM0NwJTNFVW5zZXIlMjBUZWFtJTIwYW5hbHlzaWVydCUyMHVuZCUyMGtvb3JkaW5pZXJ0JTIwc2Nob24lMjBmciVDMyVCQ2h6ZWl0aWclMjBkaWUlMjBlcmZvcmRlcmxpY2hlbiUyME1hJUMzJTlGbmFobWVuJTIwZiVDMyVCQ3IlMjBTaWNoZXJoZWl0JTIwdW5kJTIwR2VzdW5kaGVpdHNzY2h1dHouJTNDJTJGcCUzRSUwQSUzQyUyRmRpdiUzRSUzQyUyRmRpdiUzRQ==[\/vc_raw_html][\/vc_column][\/vc_row][vc_row][vc_column width=&#8221;1\/3&#8243;][vc_raw_html]JTNDZGl2JTIwY2xhc3MlM0QlMjJpY29uYm94JTIwJTIyJTNFJTNDZGl2JTIwY2xhc3MlM0QlMjJib3gtaGVhZGVyJTIyJTNFJTBBJTNDZGl2JTIwY2xhc3MlM0QlMjJib3gtaWNvbiUyMiUzRSUzQ2klMjBjbGFzcyUzRCUyMmZhJTIwZmEtY3ViZSUyMiUzRSUzQyUyRmklM0UlM0MlMkZkaXYlM0UlMEElM0NoNCUyMGNsYXNzJTNEJTIyYm94LXRpdGxlJTIyJTNFUHJvamVrdHN0ZXVlcnVuZyUzQyUyRmg0JTNFJTBBJTNDJTJGZGl2JTNFJTNDZGl2JTIwY2xhc3MlM0QlMjJib3gtY29udGVudCUyMiUzRSUwQSUzQ3AlM0VVbnNlciUyMElnZW5ldXJiJUMzJUJDcm8lMjBrJUMzJUJDbW1lcnQlMjBzaWNoJTIwdW0lMjBkaWUlMjBkZXRhaWxsaWVydGUlMjBQbGFudW5nJTIwdW5kJTIwQmVtdXN0ZXJ1bmclMjBmJUMzJUJDciUyME5ldWJhdXRlbiUyQyUyMFVtYmF1dGVuJTJDJTIwTW9kZXJuaXNpZXJ1bmdlbiUyQyUyMEluc3RhbmRoYWx0dW5nZW4lMjBldGMuLi4lM0MlMkZwJTNFJTBBJTNDJTJGZGl2JTNFJTNDJTJGZGl2JTNF[\/vc_raw_html][\/vc_column][vc_column width=&#8221;1\/3&#8243;][vc_raw_html]JTNDZGl2JTIwY2xhc3MlM0QlMjJpY29uYm94JTIwJTIyJTNFJTNDZGl2JTIwY2xhc3MlM0QlMjJib3gtaGVhZGVyJTIyJTNFJTBBJTNDZGl2JTIwY2xhc3MlM0QlMjJib3gtaWNvbiUyMiUzRSUzQ2klMjBjbGFzcyUzRCUyMmZhJTIwZmEtY3ViZSUyMiUzRSUzQyUyRmklM0UlM0MlMkZkaXYlM0UlMEElM0NoNCUyMGNsYXNzJTNEJTIyYm94LXRpdGxlJTIyJTNFVHJhZ3dlcmtzcGxhbnVuZyUzQyUyRmg0JTNFJTBBJTNDJTJGZGl2JTNFJTNDZGl2JTIwY2xhc3MlM0QlMjJib3gtY29udGVudCUyMiUzRSUwQSUzQ3AlM0VXaXIlMjBiZXJlY2huZW4lMjBkaWUlMjBlcmZvcmRlcmxpY2hlJTIwVHJhZ2YlQzMlQTRoaWdrZWl0JTIwdW5kJTIwR2VicmF1Y2hzdGF1Z2xpY2hrZWl0JTIwZWluZXIlMjBCYXVrb25zdHJ1a3Rpb24lMjB3JUMzJUE0aHJlbmQlMjBkZXIlMjB2b3JnZXNlaGVuZW4lMjBMZWJlbnNkYXVlciUyMG1pdCUyMGRlbiUyMEZvcmRlcnVuZ2VuLiUzQyUyRnAlM0UlMEElM0MlMkZkaXYlM0UlM0MlMkZkaXYlM0U=[\/vc_raw_html][\/vc_column][vc_column width=&#8221;1\/3&#8243;][vc_raw_html]JTNDZGl2JTIwY2xhc3MlM0QlMjJpY29uYm94JTIwJTIyJTNFJTNDZGl2JTIwY2xhc3MlM0QlMjJib3gtaGVhZGVyJTIyJTNFJTBBJTNDZGl2JTIwY2xhc3MlM0QlMjJib3gtaWNvbiUyMiUzRSUzQ2klMjBjbGFzcyUzRCUyMmZhJTIwZmEtY3ViZSUyMiUzRSUzQyUyRmklM0UlM0MlMkZkaXYlM0UlMEElM0NoNCUyMGNsYXNzJTNEJTIyYm94LXRpdGxlJTIyJTNFU2NoYWxsc2NodXR6JTIwJTI2JTIwQmF1YWt1c3RpayUzQyUyRmg0JTNFJTBBJTNDJTJGZGl2JTNFJTNDZGl2JTIwY2xhc3MlM0QlMjJib3gtY29udGVudCUyMiUzRSUwQSUzQ3AlM0VXaXIlMjBrJUMzJUJDbW1lcm4lMjB1bnMlMjB1bSUyMGRpZSUyMEhPQUklMEFzY2hhbGx0ZWNobmlzY2hlJTIwQmVzdGFuZHNhdWZuYWhtZSUyQyUyMEZlc3RsZWdlbiUyMGRlciUyMHNjaGFsbHRlY2huaXNjaGVuJTIwQW5mb3JkZXJ1bmdlbiUyQyUyMEVudHdlcmZlbiUyMGRlciUyMFNjaGFsbHNjaHV0em1hJUMzJTlGbmFobWVuJTJDJTIwTWl0d2lya2VuJTIwYmVpJTIwZGVyJTIwQXVzZiVDMyVCQ2hydW5nc3BsYW51bmclMkMlMjBBYnNjaGx1c3NtZXNzdW5nZW4uJTNDJTJGcCUzRSUwQSUzQyUyRmRpdiUzRSUzQyUyRmRpdiUzRQ==[\/vc_raw_html][\/vc_column][\/vc_row][\/vc_section][vc_row equal_height=&#8221;yes&#8221; content_placement=&#8221;bottom&#8221; css=&#8221;.vc_custom_1572474798682{margin-top: 30px !important;padding-top: 70px !important;background-image: url(https:\/\/stsmedia.it-habicht.com\/wp-content\/uploads\/2019\/10\/bgblue_stsmedia.png?id=1849) !important;background-position: 0 0 !important;background-repeat: repeat !important;}&#8221; el_id=&#8221;team&#8221;][vc_column width=&#8221;1\/6&#8243; offset=&#8221;vc_col-lg-2 vc_col-md-2 vc_hidden-sm vc_hidden-xs&#8221;][vc_raw_html]JTNDZGl2JTIwY2xhc3MlM0QlMjJueGxfdGV4dF9jdXN0b20lMjIlM0UlMEElM0NoNCUzRVVOU0VSJTIwVEVBTSUzQyUyRmg0JTNFJTBBJTNDcCUzRVdpciUyMHNpbmQlMjBkYXMlMjBJbmdlbmlldXJiJUMzJUJDcm8lMjBSdXNwJTIwJTI2JTIwQ2VybWElM0MlMkZwJTNFJTBBJTNDJTJGZGl2JTNF[\/vc_raw_html][\/vc_column][vc_column offset=&#8221;vc_col-lg-10 vc_col-md-10&#8243;][vc_row_inner][vc_column_inner width=&#8221;1\/3&#8243; css=&#8221;.vc_custom_1550128746931{margin-bottom: 10px !important;padding-right: 5px !important;padding-left: 5px !important;}&#8221;][team_box image=&#8221;1900&#8243; name=&#8221;ANXHELO CERMA&#8221; job=&#8221;Gesch\u00e4ftsf\u00fchrer&#8221; phone=&#8221;0176 29269482&#8243; img_size=&#8221;330&#215;380&#8243;][\/vc_column_inner][vc_column_inner width=&#8221;1\/3&#8243; css=&#8221;.vc_custom_1550128751612{margin-bottom: 10px !important;padding-right: 5px !important;padding-left: 5px !important;}&#8221;][team_box image=&#8221;1900&#8243; name=&#8221;ROLAND RUSP&#8221; job=&#8221;Gesch\u00e4ftsf\u00fchrer&#8221; phone=&#8221;0176 29269482&#8243; img_size=&#8221;330&#215;380&#8243;][\/vc_column_inner][vc_column_inner width=&#8221;1\/3&#8243; css=&#8221;.vc_custom_1550128757164{padding-right: 5px !important;padding-left: 5px !important;}&#8221;][team_box image=&#8221;1900&#8243; name=&#8221;G\u00dcNTER HERZOG&#8221; job=&#8221;Bauleiter&#8221; phone=&#8221;-&#8221; img_size=&#8221;330&#215;380&#8243;][\/vc_column_inner][\/vc_row_inner][\/vc_column][\/vc_row][vc_row css=&#8221;.vc_custom_1572471866736{padding-top: 30px !important;padding-bottom: 30px !important;background-image: url(https:\/\/stsmedia.it-habicht.com\/wp-content\/uploads\/2019\/10\/bgblue_stsmedia.png?id=1849) !important;background-position: 0 0 !important;background-repeat: repeat !important;}&#8221;][vc_column width=&#8221;1\/3&#8243;][\/vc_column][vc_column width=&#8221;2\/3&#8243; css=&#8221;.vc_custom_1552016867478{padding-right: 19% !important;}&#8221;][vc_icon type=&#8221;flaticon&#8221; color=&#8221;custom&#8221; size=&#8221;lg&#8221; custom_color=&#8221;#003e64&#8243; css=&#8221;.vc_custom_1585823904207{margin-bottom: 0px !important;}&#8221; icon_flaticon=&#8221;flaticon-document&#8221;][vc_custom_heading text=&#8221;Die wichtigsten Ansprechpartner beim Ingenieurb\u00fcro Rusp &amp; Cerma in Ulm. Generelle Anfragen senden Sie bitte an die untere E-Mail Adresse oder \u00fcber unser Kontaktformular.&#8221; font_container=&#8221;tag:p|font_size:18|text_align:left|color:%230e2b5c&#8221; use_theme_fonts=&#8221;yes&#8221; css=&#8221;.vc_custom_1578503972864{margin-bottom: 45px !important;margin-left: 9px !important;}&#8221;][\/vc_column][\/vc_row][vc_row css=&#8221;.vc_custom_1572474755704{margin-top: 30px !important;padding-top: 90px !important;padding-bottom: 70px !important;background-color: #f1f2f8 !important;}&#8221; el_id=&#8221;kontakt&#8221;][vc_column width=&#8221;1\/2&#8243;][vc_icon type=&#8221;flaticon&#8221; color=&#8221;custom&#8221; size=&#8221;lg&#8221; custom_color=&#8221;#003e64&#8243; css=&#8221;.vc_custom_1585823884358{margin-bottom: 0px !important;}&#8221; icon_flaticon=&#8221;flaticon-ruler&#8221;][vc_custom_heading text=&#8221;LASST UNS<br \/>\nGEMEINSAM EIN<br \/>\nNEUES PROJEKT STARTEN&#8221; font_container=&#8221;tag:h2|text_align:left|color:%23333333|line_height:44px&#8221; google_fonts=&#8221;font_family:Open%20Sans%3A300%2C300italic%2Cregular%2Citalic%2C600%2C600italic%2C700%2C700italic%2C800%2C800italic|font_style:700%20bold%20regular%3A700%3Anormal&#8221; css=&#8221;.vc_custom_1572475102940{margin-top: 5px !important;}&#8221;][vc_column_text]Wir starten mit Ihnen zusammen Ihr n\u00e4chstes Projekt! Nehmen Sie hierzu einfach mit den untenstehenden Daten Kontakt mit uns auf. Gerne k\u00f6nnen Sie uns auch \u00fcber unser Kontaktformular erreichen.[\/vc_column_text][vc_raw_html]JTNDZGl2JTIwY2xhc3MlM0QlMjJueGxfaHRtbF9ob21lMyUyMiUzRSUwQSUzQ2RpdiUyMCUzRSUzQ3NwYW4lM0VUZWxlZm9uJTNBJTNDJTJGc3BhbiUzRSUyMCUyMCUzQ3NwYW4lM0UwMTc2JTIwMjkyNjk0ODIlM0MlMkZzcGFuJTNFJTNDJTJGZGl2JTNFJTBBJTNDZGl2JTIwJTNFJTNDc3BhbiUzRUUtTWFpbCUzQSUzQyUyRnNwYW4lM0UlMjAlMjAlM0NzcGFuJTNFaW5mbyU0MHJ1c3AtY2VybWEuY29tJTNDJTJGc3BhbiUzRSUzQyUyRmRpdiUzRSUwQSUzQ2RpdiUyMCUzRSUzQ3NwYW4lM0VBZHJlc3NlJTNBJTNDJTJGc3BhbiUzRSUyMCUyMCUzQ3NwYW4lM0VOZXV0b3JzdHJhc3NlJTIwMzQlMkMlMjA4OTA3MyUyMFVsbSUzQyUyRnNwYW4lM0UlM0MlMkZkaXYlM0UlMEElM0MlMkZkaXYlM0U=[\/vc_raw_html][\/vc_column][vc_column width=&#8221;1\/2&#8243;]\n<div class=\"wpcf7 no-js\" id=\"wpcf7-f484-o1\" lang=\"en-US\" dir=\"ltr\" data-wpcf7-id=\"484\">\n<div class=\"screen-reader-response\"><p role=\"status\" aria-live=\"polite\" aria-atomic=\"true\"><\/p> <ul><\/ul><\/div>\n<form action=\"\/index.php?rest_route=%2Fwp%2Fv2%2Fpages%2F567#wpcf7-f484-o1\" method=\"post\" class=\"wpcf7-form init\" aria-label=\"Contact form\" novalidate=\"novalidate\" data-status=\"init\">\n<fieldset class=\"hidden-fields-container\"><input type=\"hidden\" name=\"_wpcf7\" value=\"484\" \/><input type=\"hidden\" name=\"_wpcf7_version\" value=\"6.1.4\" \/><input type=\"hidden\" name=\"_wpcf7_locale\" value=\"en_US\" \/><input type=\"hidden\" name=\"_wpcf7_unit_tag\" value=\"wpcf7-f484-o1\" \/><input type=\"hidden\" name=\"_wpcf7_container_post\" value=\"0\" \/><input type=\"hidden\" name=\"_wpcf7_posted_data_hash\" value=\"\" \/>\n<\/fieldset>\n<p><span class=\"wpcf7-form-control-wrap\" data-name=\"text-48\"><input size=\"40\" maxlength=\"400\" class=\"wpcf7-form-control wpcf7-text wpcf7-validates-as-required\" aria-required=\"true\" aria-invalid=\"false\" placeholder=\"Name\" value=\"\" type=\"text\" name=\"text-48\" \/><\/span><span class=\"wpcf7-form-control-wrap\" data-name=\"email-499\"><input size=\"40\" maxlength=\"400\" class=\"wpcf7-form-control wpcf7-email wpcf7-validates-as-required wpcf7-text wpcf7-validates-as-email\" aria-required=\"true\" aria-invalid=\"false\" placeholder=\"E-Mail\" value=\"\" type=\"email\" name=\"email-499\" \/><\/span><span class=\"wpcf7-form-control-wrap\" data-name=\"text-46\"><input size=\"40\" maxlength=\"400\" class=\"wpcf7-form-control wpcf7-text wpcf7-validates-as-required\" aria-required=\"true\" aria-invalid=\"false\" placeholder=\"Betreff\" value=\"\" type=\"text\" name=\"text-46\" \/><\/span><span class=\"wpcf7-form-control-wrap\" data-name=\"textarea-914\"><textarea cols=\"40\" rows=\"10\" maxlength=\"2000\" class=\"wpcf7-form-control wpcf7-textarea wpcf7-validates-as-required\" aria-required=\"true\" aria-invalid=\"false\" placeholder=\"Nachricht\" name=\"textarea-914\"><\/textarea><\/span><span class=\"wpcf7-form-control-wrap\" data-name=\"acceptance-718\"><span class=\"wpcf7-form-control wpcf7-acceptance\"><span class=\"wpcf7-list-item\"><label><input type=\"checkbox\" name=\"acceptance-718\" value=\"1\" aria-invalid=\"false\" \/><span class=\"wpcf7-list-item-label\">Ich bin damit einverstanden und stimme hiermit ausdr\u00fccklich der Verarbeitung und Speicherung meiner personenbezogenen Daten zu.<\/span><\/label><\/span><\/span><\/span><input class=\"wpcf7-form-control wpcf7-submit has-spinner\" type=\"submit\" value=\"ANFRAGE SENDEN\" \/>\n<\/p><div class=\"wpcf7-response-output\" aria-hidden=\"true\"><\/div>\n<\/form>\n<\/div>\n[\/vc_column][\/vc_row]<\/p>\n","protected":false},"excerpt":{"rendered":"<p>[vc_row][vc_column][rev_slider alias=&#8221;revo_2&#8243;][\/vc_column][\/vc_row][vc_row full_width=&#8221;stretch_row&#8221; css=&#8221;.vc_custom_1674834906093{padding-top: 60px !important;padding-bottom: 60px !important;background-color: #1873ba !important;background-position: 0 0 !important;background-repeat: repeat !important;}&#8221;][vc_column offset=&#8221;vc_hidden-sm vc_hidden-xs&#8221; css=&#8221;.vc_custom_1674834949693{background-position: 0 0 !important;background-repeat: repeat !important;}&#8221;][vc_custom_heading text=&#8221;Ingenieurb\u00fcro f\u00fcr Bautechnik im Gro\u00dfraum Ulm&#8221; font_container=&#8221;tag:h2|text_align:center|color:%23ffffff&#8221; google_fonts=&#8221;font_family:Poppins%3Aregular|font_style:800%20bold%20regular%3A800%3Anormal&#8221; css=&#8221;.vc_custom_1674834916281{margin-top: 0px !important;margin-bottom: 0px !important;}&#8221;][\/vc_column][\/vc_row][vc_row css=&#8221;.vc_custom_1578506884943{padding-top: 100px !important;padding-bottom: 100px !important;background-color: #f1f2f8 !important;background-position: center !important;background-repeat: no-repeat !important;background-size: cover !important;}&#8221; el_id=&#8221;ueber&#8221;][vc_column width=&#8221;1\/2&#8243; css=&#8221;.vc_custom_1578506891972{padding-right: 5% !important;}&#8221;][vc_custom_heading text=&#8221;\u00dcber [&hellip;]<\/p>\n","protected":false},"author":1,"featured_media":0,"parent":0,"menu_order":0,"comment_status":"closed","ping_status":"closed","template":"","meta":{"footnotes":""},"class_list":["post-567","page","type-page","status-publish","hentry"],"_links":{"self":[{"href":"https:\/\/stsmedia.it-habicht.com\/index.php?rest_route=\/wp\/v2\/pages\/567","targetHints":{"allow":["GET"]}}],"collection":[{"href":"https:\/\/stsmedia.it-habicht.com\/index.php?rest_route=\/wp\/v2\/pages"}],"about":[{"href":"https:\/\/stsmedia.it-habicht.com\/index.php?rest_route=\/wp\/v2\/types\/page"}],"author":[{"embeddable":true,"href":"https:\/\/stsmedia.it-habicht.com\/index.php?rest_route=\/wp\/v2\/users\/1"}],"replies":[{"embeddable":true,"href":"https:\/\/stsmedia.it-habicht.com\/index.php?rest_route=%2Fwp%2Fv2%2Fcomments&post=567"}],"version-history":[{"count":54,"href":"https:\/\/stsmedia.it-habicht.com\/index.php?rest_route=\/wp\/v2\/pages\/567\/revisions"}],"predecessor-version":[{"id":1910,"href":"https:\/\/stsmedia.it-habicht.com\/index.php?rest_route=\/wp\/v2\/pages\/567\/revisions\/1910"}],"wp:attachment":[{"href":"https:\/\/stsmedia.it-habicht.com\/index.php?rest_route=%2Fwp%2Fv2%2Fmedia&parent=567"}],"curies":[{"name":"wp","href":"https:\/\/api.w.org\/{rel}","templated":true}]}}